{"id":104890,"date":"2024-10-14T15:36:41","date_gmt":"2024-10-14T14:36:41","guid":{"rendered":"https:\/\/www.csa-associats.com\/politica-de-privacidad\/"},"modified":"2024-11-19T15:48:25","modified_gmt":"2024-11-19T14:48:25","slug":"politica-de-privacidad","status":"publish","type":"page","link":"https:\/\/www.csa-associats.com\/es\/politica-de-privacidad\/","title":{"rendered":"Pol\u00edtica de Privacidad"},"content":{"rendered":"\t\t<div data-elementor-type=\"wp-page\" data-elementor-id=\"104890\" class=\"elementor elementor-104890 elementor-104127\">\n\t\t\t\t\t\t<section class=\"default show_shadow elementor-section elementor-top-section elementor-element elementor-element-c40b171 elementor-section-stretched elementor-section-boxed elementor-section-height-default elementor-section-height-default\" data-id=\"c40b171\" data-element_type=\"section\" data-e-type=\"section\" data-settings=\"{&quot;background_background&quot;:&quot;classic&quot;,&quot;stretch_section&quot;:&quot;section-stretched&quot;}\">\n\t\t\t\t\t\t\t<div class=\"elementor-background-overlay\"><\/div>\n\t\t\t\t\t\t\t<div class=\"elementor-container elementor-column-gap-default\">\n\t\t\t\t\t<div class=\"elementor-column elementor-col-100 elementor-top-column elementor-element elementor-element-61afa27\" data-id=\"61afa27\" data-element_type=\"column\" data-e-type=\"column\">\n\t\t\t<div class=\"elementor-widget-wrap elementor-element-populated\">\n\t\t\t\t\t\t<div class=\"elementor-element elementor-element-fc7bb0f elementor-widget elementor-widget-page-title\" data-id=\"fc7bb0f\" data-element_type=\"widget\" data-e-type=\"widget\" data-widget_type=\"page-title.default\">\n\t\t\t\t<div class=\"elementor-widget-container\">\n\t\t\t\t\t\t\t\n\t\t<div class=\"hfe-page-title hfe-page-title-wrapper elementor-widget-heading \">\n\t\t\t\n\t\t\t<h1 class=\"elementor-heading-title elementor-size\">\n\t\t\t\tPol\u00edtica de Privacidad\t\t\t \n\t\t\t<\/h1 > \n\n\t\t\t\t\t\t\t\t<\/div>\n\t\t\t\t\t\t<\/div>\n\t\t\t\t<\/div>\n\t\t\t\t<div class=\"elementor-element elementor-element-0089dc3 elementor-widget__width-initial elementor-widget elementor-widget-text-editor\" data-id=\"0089dc3\" data-element_type=\"widget\" data-e-type=\"widget\" data-widget_type=\"text-editor.default\">\n\t\t\t\t<div class=\"elementor-widget-container\">\n\t\t\t\t\t\t\t\t\t<p>Informaci\u00f3n legal<\/p>\n\t\t\t\t\t\t\t\t<\/div>\n\t\t\t\t<\/div>\n\t\t\t\t\t<\/div>\n\t\t<\/div>\n\t\t\t\t\t<\/div>\n\t\t<\/section>\n\t\t\t\t<section class=\"default show_shadow elementor-section elementor-top-section elementor-element elementor-element-586f8dd4 elementor-section-boxed elementor-section-height-default elementor-section-height-default\" data-id=\"586f8dd4\" data-element_type=\"section\" data-e-type=\"section\" data-settings=\"{&quot;background_background&quot;:&quot;classic&quot;}\">\n\t\t\t\t\t\t<div class=\"elementor-container elementor-column-gap-default\">\n\t\t\t\t\t<div class=\"elementor-column elementor-col-100 elementor-top-column elementor-element elementor-element-79872a6c\" data-id=\"79872a6c\" data-element_type=\"column\" data-e-type=\"column\">\n\t\t\t<div class=\"elementor-widget-wrap elementor-element-populated\">\n\t\t\t\t\t\t<section class=\"default show_shadow elementor-section elementor-inner-section elementor-element elementor-element-e15e9ab elementor-section-boxed elementor-section-height-default elementor-section-height-default\" data-id=\"e15e9ab\" data-element_type=\"section\" data-e-type=\"section\">\n\t\t\t\t\t\t<div class=\"elementor-container elementor-column-gap-default\">\n\t\t\t\t\t<div class=\"elementor-column elementor-col-100 elementor-inner-column elementor-element elementor-element-5f9de20\" data-id=\"5f9de20\" data-element_type=\"column\" data-e-type=\"column\">\n\t\t\t<div class=\"elementor-widget-wrap elementor-element-populated\">\n\t\t\t\t\t\t<div class=\"elementor-element elementor-element-25500f9 elementor-widget elementor-widget-text-editor\" data-id=\"25500f9\" data-element_type=\"widget\" data-e-type=\"widget\" data-widget_type=\"text-editor.default\">\n\t\t\t\t<div class=\"elementor-widget-container\">\n\t\t\t\t\t\t\t\t\t\n          <div id=\"main-content\">\n            \n\n            <article id=\"post-2073\" class=\"post-2073 page type-page status-publish hentry\">\n              \n\n              <div class=\"entry-content\">\n                \n\n                <div class=\"et-l et-l--post\">\n                  \n\n                  <div class=\"et_builder_inner_content et_pb_gutters3\">\n                    \n\n                    <div class=\"et_pb_section et_pb_section_0 et_section_regular\">\n                      \n\n                      <div class=\"et_pb_row et_pb_row_0\">\n                        \n\n                        <div class=\"et_pb_column et_pb_column_4_4 et_pb_column_0 et_pb_css_mix_blend_mode_passthrough et-last-child\">\n                          \n\n                          <div class=\"et_pb_module et_pb_text et_pb_text_0 et_pb_text_align_justified et_pb_bg_layout_light\">\n                            \n\n                            <div class=\"et_pb_text_inner\">\n                              \n\n                              <p>\n                                <strong>RESPONSABLE  <\/strong>\n                              <\/p>\n                              \n\n                              <p>De conformidad con lo que establece el <strong>Reglamento General (UE) 2016\/679 de Protecci\u00f3n de datos y la Ley Org\u00e1nica 3\/2018 de Protecci\u00f3n de datos personales y garant\u00eda de los derechos digitales<\/strong> , le informamos que los datos personales facilitados a trav\u00e9s de los formularios, as\u00ed como su direcci\u00f3n de correo electr\u00f3nico,   han sido incluidas en un tratamiento titularidad&nbsp; de <strong>CSA Corredores de Seguros Asociados, [<\/strong> en adelante <strong>CSA],<\/strong> con&nbsp; domicilio social en C\/ BOT\u00c1NICA, 49 \u2013 4\u00ba 2\u00aa 08908 L&#8217;HOSPITALET DE LLOBREGAT, NIF B40500134, Inscrita en el Registro Mercantil de Barcelona Tomo 4700, Folio 24, Hoja B544489, Inscripci\u00f3n de la gesti\u00f3n y sitio Web mencionado anteriormente.<\/p>\n                              \n\n                              <p>Se informa que los datos pueden ser tratados con el fin de facilitar informaci\u00f3n de nuestros productos y\/o servicios&nbsp; por medios electr\u00f3nicos, siempre que nos autorice a su tratamiento. Sus datos podr\u00e1n ser objeto de la elaboraci\u00f3n de perfiles, con el fin de aplicar un plan de fidelizaci\u00f3n acorde a la vinculaci\u00f3n comercial del cliente y ofrecer ofertas que sean adecuadas a sus preferencias. Si bien, podr\u00e1 en cualquier momento oponerse a este tipo de env\u00edos, enviando un correo electr\u00f3nico a la direcci\u00f3n <strong>info@csa-associats.com<\/strong> indicando en el asunto \u00bb <strong>Baja de la lista de distribuci\u00f3n<\/strong> \u00ab.  <\/p>\n                              \n\n                              <p>Asimismo, podr\u00e1 ejercer sus derechos de <strong>acceso<\/strong> , <strong>rectificaci\u00f3n<\/strong> , <strong>su<\/strong> upresi\u00f3n, <strong>o<\/strong> posici\u00f3n,&nbsp; <strong>p<\/strong> ortabilidad y <strong>la<\/strong> imitaci\u00f3n, enviando un escrito acompa\u00f1ado de una fotocopia del DNI o documento acreditativo equivalente a la siguiente direcci\u00f3n electr\u00f3nica: <strong>privacidad@csa-associats.com,<\/strong> indicando en el asunto \u201c <strong>Protecci\u00f3n de datos<\/strong> \u201d.<\/p>\n                              \n\n                              <p>\n                                <strong>POL\u00cdTICA<\/strong>\n                              <\/p>\n                              \n\n                              <p><strong>CSA<\/strong> est\u00e1 especialmente sensibilizada en la protecci\u00f3n de los datos de los usuarios de los servicios a los que se accede a trav\u00e9s del sitio Web. Mediante la presente Pol\u00edtica de Privacidad se informa a los usuarios de <strong>csa-associats.com<\/strong> del tratamiento y usos a los que se someten los datos personales que se recaban en la web mediante la <strong>informaci\u00f3n adicional<\/strong> , con el fin de que decidan, libre y voluntariamente, si desean facilitar la informaci\u00f3n solicitada. <\/p>\n                              \n\n                              <p>\n                                <strong>MEDIDAS DE SEGURIDAD<\/strong>\n                              <\/p>\n                              \n\n                              <p>Por \u00faltimo se informa que <strong>CSA<\/strong> <strong>,<\/strong>&nbsp; ha adoptado en el sistema de informaci\u00f3n las medidas t\u00e9cnicas y organizativas adecuadas, a fin de garantizar la seguridad y confidencialidad de los datos almacenados, evitando as\u00ed su alteraci\u00f3n, p\u00e9rdida, tratamiento o acceso no autorizado; teniendo en cuenta el estado de la t\u00e9cnica, los costes de aplicaci\u00f3n, y la naturaleza, alcance, contexto y finalidades del tratamiento, as\u00ed como riesgos de probabilidad y gravedad variables asociadas a cada uno de los tratamientos.<\/p>\n                              \n\n                              <p>\n                                <strong>DERECHOS DE LOS USUARIOS<\/strong>\n                              <\/p>\n                              \n\n                              <p>El interesado de los datos personales en todo caso podr\u00e1 ejercitar los derechos que le asisten, de acuerdo con el Reglamento General de Protecci\u00f3n de Datos y de la Ley Org\u00e1nica 3\/2018 de Protecci\u00f3n de datos personales y garant\u00eda de los derechos digitales, y que son :<\/p>\n                              \n\n                              <p><strong>A.-<\/strong> El derecho <strong>de acceso<\/strong> , a ejercitar con periodicidad anual, salvo inter\u00e9s leg\u00edtimo acreditado.<\/p>\n                              \n\n                              <p><strong>CSA<\/strong>&nbsp; proceder\u00e1 a notificar su decisi\u00f3n en el plazo de un mes. Si fuese en sentido afirmativo, el interesado podr\u00e1 acceder a la referida informaci\u00f3n en el plazo de los 10 d\u00edas siguientes a su notificaci\u00f3n. <\/p>\n                              \n\n                              <p><strong>B.-<\/strong> Los derechos de <strong>rectificaci\u00f3n<\/strong> y <strong>supresi\u00f3n<\/strong> podr\u00e1n ser ejercitados, con arreglo a las siguientes previsiones, siempre que el interesado considere que los datos recogidos en nuestros tratamientos son <em>inexactos, incompletos, inadecuados o excesivos.<\/em> En tal caso, podr\u00e1 ejercitarlos a trav\u00e9s de alguno de los medios anteriormente previstos.<\/p>\n                              \n\n                              <p><strong>CSA<\/strong> <strong>,<\/strong> proceder\u00e1 a la rectificaci\u00f3n o supresi\u00f3n dentro de los 10 d\u00edas siguientes al de la recepci\u00f3n de la solicitud.<\/p>\n                              \n\n                              <p><strong>C.-<\/strong> El derecho de <strong>oposici\u00f3n<\/strong> podr\u00e1 ser ejercitado, con arreglo a las siguientes previsiones, siempre que el interesado quiera oponerse al tratamiento de sus datos personales tanto por si los datos se tratan l\u00edcitamente como por inter\u00e9s leg\u00edtimo o consentimiento relativo por fines publicitarios.<\/p>\n                              \n\n                              <p><strong>D.-<\/strong> El derecho de <strong>portabilidad<\/strong> podr\u00e1 ser ejercitado, con arreglo a las siguientes previsiones, siempre que el interesado considere que los datos recogidos en nuestros tratamientos, debes ser devueltos al titular de los datos, o bien a otro tercero (Encargado tratamiento).<\/p>\n                              \n\n                              <p><strong>E.-<\/strong> El derecho de <strong>limitaci\u00f3n del tratamiento<\/strong> podr\u00e1 ser ejercitado, previamente el derecho de oposici\u00f3n al tratamiento de sus datos, y que mientras no se resuelva el Derecho de oposici\u00f3n, se limite el tratamiento de los mismos.<\/p>\n                              \n\n                              <p>\n                                <strong>CAMBIO DE NORMATIVA<\/strong>\n                              <\/p>\n                              \n\n                              <p><strong>CSA,<\/strong> se reserva el derecho de modificar la presente pol\u00edtica con el objeto de adaptarla a las novedades legislativas o jurisprudenciales. Estos cambios ser\u00e1n comunicados con la antelaci\u00f3n que sea necesaria en nuestra p\u00e1gina Web, sin perjuicio de reclamar el consentimiento. necesario de los afectados cuando \u00e9ste no se considerase otorgado con arreglo a los t\u00e9rminos de la presente pol\u00edtica. <\/p>\n                              \n\n                              <p>Cualquier duda, pregunta o comentarios que pudiera albergar con referencia a la presente normativa, no dude en consultarlas dirigiendo su comunicaci\u00f3n al respecto en: <strong>info@csa-associats.com<\/strong><\/p>\n                              \n\n                            <\/div>\n                            \n\n                          <\/div>\n                          \n\n                        <\/div>\n                        \n\n                      <\/div>\n                      \n\n                    <\/div>\n                    \n\n                  <\/div>\n                  \n\n                <\/div>\n                \n\n              <\/div>\n              \n\n            <\/article>\n            \n\n          <\/div>\n          \n\n          <footer class=\"et-l et-l--footer\">\n            \n\n            <div class=\"et_builder_inner_content et_pb_gutters3\">\n              \n\n              <div class=\"et_pb_section et_pb_section_0_tb_footer et_pb_with_background et_section_regular\">\n                \n\n                <div class=\"et_pb_row et_pb_row_0_tb_footer\"><\/div>\n                \n\n              <\/div>\n              \n\n            <\/div>\n            \n\n          <\/footer>\n        \t\t\t\t\t\t\t\t<\/div>\n\t\t\t\t<\/div>\n\t\t\t\t\t<\/div>\n\t\t<\/div>\n\t\t\t\t\t<\/div>\n\t\t<\/section>\n\t\t\t\t\t<\/div>\n\t\t<\/div>\n\t\t\t\t\t<\/div>\n\t\t<\/section>\n\t\t\t\t<\/div>\n\t\t","protected":false},"excerpt":{"rendered":"<p>Informaci\u00f3n legal RESPONSABLE De conformidad con lo que establece el Reglamento General (UE) 2016\/679 de Protecci\u00f3n de datos y la Ley Org\u00e1nica 3\/2018 de Protecci\u00f3n de datos personales y garant\u00eda de los derechos digitales , le informamos que los datos personales facilitados a trav\u00e9s de los formularios, as\u00ed como su direcci\u00f3n de correo electr\u00f3nico, han&#8230;<\/p>\n","protected":false},"author":1,"featured_media":0,"parent":0,"menu_order":9,"comment_status":"closed","ping_status":"closed","template":"elementor_header_footer","meta":{"footnotes":""},"class_list":["post-104890","page","type-page","status-publish","hentry"],"_links":{"self":[{"href":"https:\/\/www.csa-associats.com\/es\/wp-json\/wp\/v2\/pages\/104890","targetHints":{"allow":["GET"]}}],"collection":[{"href":"https:\/\/www.csa-associats.com\/es\/wp-json\/wp\/v2\/pages"}],"about":[{"href":"https:\/\/www.csa-associats.com\/es\/wp-json\/wp\/v2\/types\/page"}],"author":[{"embeddable":true,"href":"https:\/\/www.csa-associats.com\/es\/wp-json\/wp\/v2\/users\/1"}],"replies":[{"embeddable":true,"href":"https:\/\/www.csa-associats.com\/es\/wp-json\/wp\/v2\/comments?post=104890"}],"version-history":[{"count":1,"href":"https:\/\/www.csa-associats.com\/es\/wp-json\/wp\/v2\/pages\/104890\/revisions"}],"predecessor-version":[{"id":104891,"href":"https:\/\/www.csa-associats.com\/es\/wp-json\/wp\/v2\/pages\/104890\/revisions\/104891"}],"wp:attachment":[{"href":"https:\/\/www.csa-associats.com\/es\/wp-json\/wp\/v2\/media?parent=104890"}],"curies":[{"name":"wp","href":"https:\/\/api.w.org\/{rel}","templated":true}]}}